{"id":18,"date":"2025-11-04T17:06:40","date_gmt":"2025-11-04T17:06:40","guid":{"rendered":"http:\/\/localhost\/mg\/wordpress\/my-account\/"},"modified":"2025-11-04T17:06:40","modified_gmt":"2025-11-04T17:06:40","slug":"my-account","status":"publish","type":"page","link":"https:\/\/meilleurgaskets.com\/en\/my-account\/","title":{"rendered":"My account"},"content":{"rendered":"<div class=\"woocommerce\"><\/div>","protected":false},"excerpt":{"rendered":"","protected":false},"author":1,"featured_media":0,"parent":0,"menu_order":0,"comment_status":"closed","ping_status":"closed","template":"","meta":{"_acf_changed":false,"footnotes":""},"class_list":["post-18","page","type-page","status-publish","hentry"],"acf":[],"yoast_head":"<!-- This site is optimized with the Yoast SEO plugin v26.9 - https:\/\/yoast.com\/product\/yoast-seo-wordpress\/ -->\n<title>My account - meilleur gaskets<\/title>\n<meta name=\"description\" content=\"Achetez des joints de culasse, joints moteur et joints d\u2019\u00e9tanch\u00e9it\u00e9 de haute qualit\u00e9 pour toutes les marques de voitures. Meilleur Gaskets offre des prix comp\u00e9titifs, une livraison rapide et des produits fiables pour la r\u00e9paration et l\u2019entretien de votre moteur.\" \/>\n<meta name=\"robots\" content=\"index, follow, max-snippet:-1, max-image-preview:large, max-video-preview:-1\" \/>\n<link rel=\"canonical\" href=\"https:\/\/meilleurgaskets.com\/en\/my-account\/\" \/>\n<meta property=\"og:locale\" content=\"en_US\" \/>\n<meta property=\"og:type\" content=\"article\" \/>\n<meta property=\"og:title\" content=\"My account - meilleur gaskets\" \/>\n<meta property=\"og:description\" content=\"Achetez des joints de culasse, joints moteur et joints d\u2019\u00e9tanch\u00e9it\u00e9 de haute qualit\u00e9 pour toutes les marques de voitures. Meilleur Gaskets offre des prix comp\u00e9titifs, une livraison rapide et des produits fiables pour la r\u00e9paration et l\u2019entretien de votre moteur.\" \/>\n<meta property=\"og:url\" content=\"https:\/\/meilleurgaskets.com\/en\/my-account\/\" \/>\n<meta property=\"og:site_name\" content=\"meilleur gaskets\" \/>\n<meta property=\"article:publisher\" content=\"https:\/\/www.facebook.com\/p\/Meilleur-Gaskets-100063733353326\/\" \/>\n<meta property=\"og:image\" content=\"https:\/\/meilleurgaskets.com\/wp-content\/uploads\/2025\/11\/cropped-website-icon-1.png\" \/>\n\t<meta property=\"og:image:width\" content=\"512\" \/>\n\t<meta property=\"og:image:height\" content=\"512\" \/>\n\t<meta property=\"og:image:type\" content=\"image\/png\" \/>\n<meta name=\"twitter:card\" content=\"summary_large_image\" \/>\n<script type=\"application\/ld+json\" class=\"yoast-schema-graph\">{\"@context\":\"https:\/\/schema.org\",\"@graph\":[{\"@type\":\"WebPage\",\"@id\":\"https:\/\/meilleurgaskets.com\/my-account\/\",\"url\":\"https:\/\/meilleurgaskets.com\/my-account\/\",\"name\":\"My account - meilleur gaskets\",\"isPartOf\":{\"@id\":\"https:\/\/meilleurgaskets.com\/#website\"},\"datePublished\":\"2025-11-04T17:06:40+00:00\",\"description\":\"Achetez des joints de culasse, joints moteur et joints d\u2019\u00e9tanch\u00e9it\u00e9 de haute qualit\u00e9 pour toutes les marques de voitures. Meilleur Gaskets offre des prix comp\u00e9titifs, une livraison rapide et des produits fiables pour la r\u00e9paration et l\u2019entretien de votre moteur.\",\"breadcrumb\":{\"@id\":\"https:\/\/meilleurgaskets.com\/my-account\/#breadcrumb\"},\"inLanguage\":\"en-US\",\"potentialAction\":[{\"@type\":\"ReadAction\",\"target\":[\"https:\/\/meilleurgaskets.com\/my-account\/\"]}]},{\"@type\":\"BreadcrumbList\",\"@id\":\"https:\/\/meilleurgaskets.com\/my-account\/#breadcrumb\",\"itemListElement\":[{\"@type\":\"ListItem\",\"position\":1,\"name\":\"Accueil\",\"item\":\"https:\/\/meilleurgaskets.com\/\"},{\"@type\":\"ListItem\",\"position\":2,\"name\":\"My account\"}]},{\"@type\":\"WebSite\",\"@id\":\"https:\/\/meilleurgaskets.com\/#website\",\"url\":\"https:\/\/meilleurgaskets.com\/\",\"name\":\"meilleur gaskets\",\"description\":\"\",\"publisher\":{\"@id\":\"https:\/\/meilleurgaskets.com\/#organization\"},\"potentialAction\":[{\"@type\":\"SearchAction\",\"target\":{\"@type\":\"EntryPoint\",\"urlTemplate\":\"https:\/\/meilleurgaskets.com\/?s={search_term_string}\"},\"query-input\":{\"@type\":\"PropertyValueSpecification\",\"valueRequired\":true,\"valueName\":\"search_term_string\"}}],\"inLanguage\":\"en-US\"},{\"@type\":\"Organization\",\"@id\":\"https:\/\/meilleurgaskets.com\/#organization\",\"name\":\"meilleur gaskets\",\"url\":\"https:\/\/meilleurgaskets.com\/\",\"logo\":{\"@type\":\"ImageObject\",\"inLanguage\":\"en-US\",\"@id\":\"https:\/\/meilleurgaskets.com\/#\/schema\/logo\/image\/\",\"url\":\"https:\/\/meilleurgaskets.com\/wp-content\/uploads\/2025\/11\/cropped-logo-copy.png\",\"contentUrl\":\"https:\/\/meilleurgaskets.com\/wp-content\/uploads\/2025\/11\/cropped-logo-copy.png\",\"width\":804,\"height\":449,\"caption\":\"meilleur gaskets\"},\"image\":{\"@id\":\"https:\/\/meilleurgaskets.com\/#\/schema\/logo\/image\/\"},\"sameAs\":[\"https:\/\/www.facebook.com\/p\/Meilleur-Gaskets-100063733353326\/\"]}]}<\/script>\n<!-- \/ Yoast SEO plugin. -->","yoast_head_json":{"title":"My account - meilleur gaskets","description":"Achetez des joints de culasse, joints moteur et joints d\u2019\u00e9tanch\u00e9it\u00e9 de haute qualit\u00e9 pour toutes les marques de voitures. Meilleur Gaskets offre des prix comp\u00e9titifs, une livraison rapide et des produits fiables pour la r\u00e9paration et l\u2019entretien de votre moteur.","robots":{"index":"index","follow":"follow","max-snippet":"max-snippet:-1","max-image-preview":"max-image-preview:large","max-video-preview":"max-video-preview:-1"},"canonical":"https:\/\/meilleurgaskets.com\/en\/my-account\/","og_locale":"en_US","og_type":"article","og_title":"My account - meilleur gaskets","og_description":"Achetez des joints de culasse, joints moteur et joints d\u2019\u00e9tanch\u00e9it\u00e9 de haute qualit\u00e9 pour toutes les marques de voitures. Meilleur Gaskets offre des prix comp\u00e9titifs, une livraison rapide et des produits fiables pour la r\u00e9paration et l\u2019entretien de votre moteur.","og_url":"https:\/\/meilleurgaskets.com\/en\/my-account\/","og_site_name":"meilleur gaskets","article_publisher":"https:\/\/www.facebook.com\/p\/Meilleur-Gaskets-100063733353326\/","og_image":[{"width":512,"height":512,"url":"https:\/\/meilleurgaskets.com\/wp-content\/uploads\/2025\/11\/cropped-website-icon-1.png","type":"image\/png"}],"twitter_card":"summary_large_image","schema":{"@context":"https:\/\/schema.org","@graph":[{"@type":"WebPage","@id":"https:\/\/meilleurgaskets.com\/my-account\/","url":"https:\/\/meilleurgaskets.com\/my-account\/","name":"My account - meilleur gaskets","isPartOf":{"@id":"https:\/\/meilleurgaskets.com\/#website"},"datePublished":"2025-11-04T17:06:40+00:00","description":"Achetez des joints de culasse, joints moteur et joints d\u2019\u00e9tanch\u00e9it\u00e9 de haute qualit\u00e9 pour toutes les marques de voitures. Meilleur Gaskets offre des prix comp\u00e9titifs, une livraison rapide et des produits fiables pour la r\u00e9paration et l\u2019entretien de votre moteur.","breadcrumb":{"@id":"https:\/\/meilleurgaskets.com\/my-account\/#breadcrumb"},"inLanguage":"en-US","potentialAction":[{"@type":"ReadAction","target":["https:\/\/meilleurgaskets.com\/my-account\/"]}]},{"@type":"BreadcrumbList","@id":"https:\/\/meilleurgaskets.com\/my-account\/#breadcrumb","itemListElement":[{"@type":"ListItem","position":1,"name":"Accueil","item":"https:\/\/meilleurgaskets.com\/"},{"@type":"ListItem","position":2,"name":"My account"}]},{"@type":"WebSite","@id":"https:\/\/meilleurgaskets.com\/#website","url":"https:\/\/meilleurgaskets.com\/","name":"Meilleur Gaskets","description":"","publisher":{"@id":"https:\/\/meilleurgaskets.com\/#organization"},"potentialAction":[{"@type":"SearchAction","target":{"@type":"EntryPoint","urlTemplate":"https:\/\/meilleurgaskets.com\/?s={search_term_string}"},"query-input":{"@type":"PropertyValueSpecification","valueRequired":true,"valueName":"search_term_string"}}],"inLanguage":"en-US"},{"@type":"Organization","@id":"https:\/\/meilleurgaskets.com\/#organization","name":"Meilleur Gaskets","url":"https:\/\/meilleurgaskets.com\/","logo":{"@type":"ImageObject","inLanguage":"en-US","@id":"https:\/\/meilleurgaskets.com\/#\/schema\/logo\/image\/","url":"https:\/\/meilleurgaskets.com\/wp-content\/uploads\/2025\/11\/cropped-logo-copy.png","contentUrl":"https:\/\/meilleurgaskets.com\/wp-content\/uploads\/2025\/11\/cropped-logo-copy.png","width":804,"height":449,"caption":"meilleur gaskets"},"image":{"@id":"https:\/\/meilleurgaskets.com\/#\/schema\/logo\/image\/"},"sameAs":["https:\/\/www.facebook.com\/p\/Meilleur-Gaskets-100063733353326\/"]}]}},"_links":{"self":[{"href":"https:\/\/meilleurgaskets.com\/en\/wp-json\/wp\/v2\/pages\/18","targetHints":{"allow":["GET"]}}],"collection":[{"href":"https:\/\/meilleurgaskets.com\/en\/wp-json\/wp\/v2\/pages"}],"about":[{"href":"https:\/\/meilleurgaskets.com\/en\/wp-json\/wp\/v2\/types\/page"}],"author":[{"embeddable":true,"href":"https:\/\/meilleurgaskets.com\/en\/wp-json\/wp\/v2\/users\/1"}],"replies":[{"embeddable":true,"href":"https:\/\/meilleurgaskets.com\/en\/wp-json\/wp\/v2\/comments?post=18"}],"version-history":[{"count":0,"href":"https:\/\/meilleurgaskets.com\/en\/wp-json\/wp\/v2\/pages\/18\/revisions"}],"wp:attachment":[{"href":"https:\/\/meilleurgaskets.com\/en\/wp-json\/wp\/v2\/media?parent=18"}],"curies":[{"name":"wp","href":"https:\/\/api.w.org\/{rel}","templated":true}]}}